{"id":18,"date":"2019-10-20T14:19:20","date_gmt":"2019-10-20T14:19:20","guid":{"rendered":"https:\/\/wit.rs\/?page_id=18"},"modified":"2020-02-23T12:54:32","modified_gmt":"2020-02-23T12:54:32","slug":"uslovi-koriscenja-i-politika-privatnosti","status":"publish","type":"page","link":"https:\/\/wit.rs\/en\/uslovi-koriscenja-i-politika-privatnosti\/","title":{"rendered":"ToS and Privacy Policy"},"content":{"rendered":"<p>SADR\u017dAJ SAJTA<\/p>\n\n\n\n<p>Pojedini sadr\u017eaji na sajtu imaju informativnu svrhu, vlasnik sajta ne daje garancije za ta\u010dnost i kompletnost informacija i ne\u0107e biti odgovoran za bilo koje gre\u0161ke i propuste u sadr\u017eaju. Wise IT mo\u017ee da menja bilo koji sadr\u017eaj sajta u bilo koje vreme i bez prethodne najave.<\/p>\n\n\n\n<p>LINKOVI KA DRUGIM SAJTOVIMA<\/p>\n\n\n\n<p>Linkovi sadr\u017eani na sajtu slu\u017ee za va\u0161u pogodnost i informisanje. Wise IT ne kontroli\u0161e sadr\u017eaj na tim sajtovima i nije odgovoran za njihov sadr\u017eaj. Drugim sajtovima na koje vode linkovi sa na\u0161eg sajta pristupate na sopstvenu odgovornost.<\/p>\n\n\n\n<p>POLITIKA PRIVATNOSTI PODATAKA<\/p>\n\n\n\n<p>Wise IT po\u0161tuje privatnost svakog posetioca sajta. Kako u sklopu funkcionalnosti sajta prikupljamo odre\u0111ene podatke o posetiocima, molimo vas da se upoznate sa na\u0161im uslovima i na\u010dinom na koji obra\u0111ujemo podatke prikupljene sa sajta.<\/p>\n\n\n\n<p>Informacije koje prikupljamo kada ih korisnik unese u kontakt formu koristimo za slede\u0107e:<br>\nkontaktiranje korisnika koji su izrazili \u017eelju da budu klijenti ili sara\u0111uju sa Wise IT<br>\nslanje e-mailova ka korisniku uz saglasnost istog korisnika<\/p>\n\n\n\n<p>KOJE LI\u010cNE PODATKE PRIKUPLJAMO?<\/p>\n\n\n\n<p>Prikupljamo isklju\u010divo podatke koje ste upisali sami u neku od na\u0161ih kontakt formi.<br>\nSakupljamo va\u0161e email adrese, ime i prezime i opciono podatke o firmi u \u010dijem svojstvu nas kontaktirate.<\/p>\n\n\n\n<p>KAKO OBRA\u0110UJEMO VA\u0160E LI\u010cNE PODATKE<\/p>\n\n\n\n<p>Wise IT ni pod kojim uslovima ne\u0107e ustupati va\u0161e li\u010dne podatke tre\u0107oj strani bez va\u0161eg pristanka.<\/p>\n\n\n\n<p>Uz va\u0161 pristanak, va\u0161i podaci mogu biti prosle\u0111eni partnerima.<\/p>\n\n\n\n<p>PRISTUP LI\u010cNIM PODACIMA<\/p>\n\n\n\n<p>Ako \u017eelite vi\u0161e da se informi\u0161ete o na\u010dinu na koji obra\u0111ujemo va\u0161e podatke, ili \u017eelite da promenite podatke ili ih u potpunosti izbri\u0161ete, kontaktirajte nas na support@wit.rs<\/p>\n\n\n\n<p>KOLA\u010cI\u0106I<\/p>\n\n\n\n<p>Kao i svi ostali kompleksni sajtovi, ovaj sajt koristi kola\u010di\u0107e kako bi pobolj\u0161ao va\u0161e korisni\u010dko iskustvo.<\/p>","protected":false},"excerpt":{"rendered":"<p>SADR\u017dAJ SAJTA Pojedini sadr\u017eaji na sajtu imaju informativnu svrhu, vlasnik sajta ne daje garancije za ta\u010dnost i kompletnost informacija i ne\u0107e biti odgovoran za bilo koje gre\u0161ke i propuste u sadr\u017eaju. Wise IT mo\u017ee da menja bilo koji sadr\u017eaj sajta u bilo koje vreme i bez prethodne najave. LINKOVI KA DRUGIM SAJTOVIMA Linkovi sadr\u017eani na [\u2026]<\/p>","protected":false},"author":1,"featured_media":0,"parent":0,"menu_order":0,"comment_status":"closed","ping_status":"closed","template":"","meta":[],"_links":{"self":[{"href":"https:\/\/wit.rs\/en\/wp-json\/wp\/v2\/pages\/18"}],"collection":[{"href":"https:\/\/wit.rs\/en\/wp-json\/wp\/v2\/pages"}],"about":[{"href":"https:\/\/wit.rs\/en\/wp-json\/wp\/v2\/types\/page"}],"author":[{"embeddable":true,"href":"https:\/\/wit.rs\/en\/wp-json\/wp\/v2\/users\/1"}],"replies":[{"embeddable":true,"href":"https:\/\/wit.rs\/en\/wp-json\/wp\/v2\/comments?post=18"}],"version-history":[{"count":2,"href":"https:\/\/wit.rs\/en\/wp-json\/wp\/v2\/pages\/18\/revisions"}],"predecessor-version":[{"id":198,"href":"https:\/\/wit.rs\/en\/wp-json\/wp\/v2\/pages\/18\/revisions\/198"}],"wp:attachment":[{"href":"https:\/\/wit.rs\/en\/wp-json\/wp\/v2\/media?parent=18"}],"curies":[{"name":"wp","href":"https:\/\/api.w.org\/{rel}","templated":true}]}}